{"id":177,"date":"2023-08-11T03:33:29","date_gmt":"2023-08-11T03:33:29","guid":{"rendered":"https:\/\/proyectos.axialgroup.co\/?page_id=177"},"modified":"2023-08-20T21:54:28","modified_gmt":"2023-08-20T21:54:28","slug":"contacto","status":"publish","type":"page","link":"https:\/\/proyectos.axialgroup.co\/index.php\/contacto\/","title":{"rendered":"Contacto"},"content":{"rendered":"\t\t<div data-elementor-type=\"wp-page\" data-elementor-id=\"177\" class=\"elementor elementor-177\" data-elementor-post-type=\"page\">\n\t\t\t\t\t\t\t\t\t<section data-particle_enable=\"false\" data-particle-mobile-disabled=\"false\" class=\"has_ae_slider elementor-section elementor-top-section elementor-element elementor-element-703d83ce elementor-section-boxed elementor-section-height-default elementor-section-height-default ae-bg-gallery-type-default\" data-id=\"703d83ce\" data-element_type=\"section\" data-settings=\"{&quot;background_background&quot;:&quot;classic&quot;}\" data-e-bg-lazyload=\"\">\n\t\t\t\t\t\t\t<div class=\"elementor-background-overlay\"><\/div>\n\t\t\t\t\t\t\t<div class=\"elementor-container elementor-column-gap-default\">\n\t\t\t\t\t<div class=\"has_ae_slider elementor-column elementor-col-100 elementor-top-column elementor-element elementor-element-44def007 ae-bg-gallery-type-default\" data-id=\"44def007\" data-element_type=\"column\">\n\t\t\t<div class=\"elementor-widget-wrap elementor-element-populated\">\n\t\t\t\t\t\t\t\t<div class=\"elementor-element elementor-element-3ad92862 de_scroll_animation_no elementor-widget elementor-widget-heading\" data-id=\"3ad92862\" data-element_type=\"widget\" data-widget_type=\"heading.default\">\n\t\t\t\t<div class=\"elementor-widget-container\">\n\t\t\t<style>\/*! elementor - v3.15.0 - 02-08-2023 *\/\n.elementor-heading-title{padding:0;margin:0;line-height:1}.elementor-widget-heading .elementor-heading-title[class*=elementor-size-]>a{color:inherit;font-size:inherit;line-height:inherit}.elementor-widget-heading .elementor-heading-title.elementor-size-small{font-size:15px}.elementor-widget-heading .elementor-heading-title.elementor-size-medium{font-size:19px}.elementor-widget-heading .elementor-heading-title.elementor-size-large{font-size:29px}.elementor-widget-heading .elementor-heading-title.elementor-size-xl{font-size:39px}.elementor-widget-heading .elementor-heading-title.elementor-size-xxl{font-size:59px}<\/style><h2 class=\"elementor-heading-title elementor-size-default\">Tus proyectos en las mejores manos<\/h2>\t\t<\/div>\n\t\t\t\t<\/div>\n\t\t\t\t<div class=\"elementor-element elementor-element-528da97f de_scroll_animation_no elementor-widget elementor-widget-text-editor\" data-id=\"528da97f\" data-element_type=\"widget\" data-widget_type=\"text-editor.default\">\n\t\t\t\t<div class=\"elementor-widget-container\">\n\t\t\t<style>\/*! elementor - v3.15.0 - 02-08-2023 *\/\n.elementor-widget-text-editor.elementor-drop-cap-view-stacked .elementor-drop-cap{background-color:#69727d;color:#fff}.elementor-widget-text-editor.elementor-drop-cap-view-framed .elementor-drop-cap{color:#69727d;border:3px solid;background-color:transparent}.elementor-widget-text-editor:not(.elementor-drop-cap-view-default) .elementor-drop-cap{margin-top:8px}.elementor-widget-text-editor:not(.elementor-drop-cap-view-default) .elementor-drop-cap-letter{width:1em;height:1em}.elementor-widget-text-editor .elementor-drop-cap{float:left;text-align:center;line-height:1;font-size:50px}.elementor-widget-text-editor .elementor-drop-cap-letter{display:inline-block}<\/style>\t\t\t\t<p>Te ayudamos a alcanzar tus objetivos<\/p>\t\t\t\t\t\t<\/div>\n\t\t\t\t<\/div>\n\t\t\t\t\t<\/div>\n\t\t<\/div>\n\t\t\t\t\t\t\t<\/div>\n\t\t<\/section>\n\t\t\t\t<section data-particle_enable=\"false\" data-particle-mobile-disabled=\"false\" class=\"has_ae_slider elementor-section elementor-top-section elementor-element elementor-element-6b91b587 elementor-section-boxed elementor-section-height-default elementor-section-height-default ae-bg-gallery-type-default\" data-id=\"6b91b587\" data-element_type=\"section\">\n\t\t\t\t\t\t<div class=\"elementor-container elementor-column-gap-default\">\n\t\t\t\t\t<div class=\"has_ae_slider elementor-column elementor-col-33 elementor-top-column elementor-element elementor-element-6220da81 ae-bg-gallery-type-default\" data-id=\"6220da81\" data-element_type=\"column\">\n\t\t\t<div class=\"elementor-widget-wrap elementor-element-populated\">\n\t\t\t\t\t\t\t\t<div class=\"elementor-element elementor-element-35068c15 de_scroll_animation_no elementor-widget elementor-widget-heading\" data-id=\"35068c15\" data-element_type=\"widget\" data-widget_type=\"heading.default\">\n\t\t\t\t<div class=\"elementor-widget-container\">\n\t\t\t<h2 class=\"elementor-heading-title elementor-size-default\">No dudes en contactarnos <\/h2>\t\t<\/div>\n\t\t\t\t<\/div>\n\t\t\t\t<div class=\"elementor-element elementor-element-20a4a751 de_scroll_animation_no elementor-widget elementor-widget-spacer\" data-id=\"20a4a751\" data-element_type=\"widget\" data-widget_type=\"spacer.default\">\n\t\t\t\t<div class=\"elementor-widget-container\">\n\t\t\t<style>\/*! elementor - v3.15.0 - 02-08-2023 *\/\n.elementor-column .elementor-spacer-inner{height:var(--spacer-size)}.e-con{--container-widget-width:100%}.e-con-inner>.elementor-widget-spacer,.e-con>.elementor-widget-spacer{width:var(--container-widget-width,var(--spacer-size));--align-self:var(--container-widget-align-self,initial);--flex-shrink:0}.e-con-inner>.elementor-widget-spacer>.elementor-widget-container,.e-con-inner>.elementor-widget-spacer>.elementor-widget-container>.elementor-spacer,.e-con>.elementor-widget-spacer>.elementor-widget-container,.e-con>.elementor-widget-spacer>.elementor-widget-container>.elementor-spacer{height:100%}.e-con-inner>.elementor-widget-spacer>.elementor-widget-container>.elementor-spacer>.elementor-spacer-inner,.e-con>.elementor-widget-spacer>.elementor-widget-container>.elementor-spacer>.elementor-spacer-inner{height:var(--container-widget-height,var(--spacer-size))}<\/style>\t\t<div class=\"elementor-spacer\">\n\t\t\t<div class=\"elementor-spacer-inner\"><\/div>\n\t\t<\/div>\n\t\t\t\t<\/div>\n\t\t\t\t<\/div>\n\t\t<div data-particle_enable=\"false\" data-particle-mobile-disabled=\"false\" class=\"has_ae_slider elementor-element elementor-element-d705b6f e-flex e-con-boxed ae-bg-gallery-type-default e-con\" data-id=\"d705b6f\" data-element_type=\"container\" data-settings=\"{&quot;background_background&quot;:&quot;classic&quot;,&quot;content_width&quot;:&quot;boxed&quot;}\">\n\t\t\t\t\t<div class=\"e-con-inner\">\n\t\t\t\t<div class=\"elementor-element elementor-element-4b6ab21 elementor-widget__width-initial de_scroll_animation_no elementor-widget elementor-widget-eael-feature-list\" data-id=\"4b6ab21\" data-element_type=\"widget\" data-widget_type=\"eael-feature-list.default\">\n\t\t\t\t<div class=\"elementor-widget-container\">\n\t\t\t\t\t<div class=\"-icon-position-left -tablet-icon-position-left -mobile-icon-position-left\">\n\t\t\t<ul id=\"eael-feature-list-4b6ab21\" class=\"eael-feature-list-items circle stacked \">\n\t\t\t                <li class=\"eael-feature-list-item elementor-repeater-item-62bd567\">\n                    \n\t\t\t\t\t\t<div class=\"eael-feature-list-icon-box\">\n\t\t\t\t\t\t\t<div class=\"eael-feature-list-icon-inner\">\n\n\t\t\t\t\t\t\t\t<span class=\"eael-feature-list-icon fl-icon-0\">\n\n\t\t<svg aria-hidden=\"true\" class=\"e-font-icon-svg e-fas-map-marker-alt\" viewBox=\"0 0 384 512\" xmlns=\"http:\/\/www.w3.org\/2000\/svg\"><path d=\"M172.268 501.67C26.97 291.031 0 269.413 0 192 0 85.961 85.961 0 192 0s192 85.961 192 192c0 77.413-26.97 99.031-172.268 309.67-9.535 13.774-29.93 13.773-39.464 0zM192 272c44.183 0 80-35.817 80-80s-35.817-80-80-80-80 35.817-80 80 35.817 80 80 80z\"><\/path><\/svg>\t\t\t\t\t\t\t\t<\/span>\n\t\t\t\t\t\t\t<\/div>\n\t\t\t\t\t\t<\/div>\n\t\t\t\t\t\t<div class=\"eael-feature-list-content-box\">\n\t\t\t\t\t\t\t<h3 class=\"eael-feature-list-title\"\t\t\t\t\t\t\t>Direcci\u00f3n<\/h3\t\t\t\t\t\t>\n\t\t\t\t\t\t<p class=\"eael-feature-list-content\">Calle 24A # 26-38<br>\nBarrio Panamericano<br>\nBogot\u00e1 D.C.<\/p>\n\t\t\t\t\t\t<\/div>\n\n\t\t\t\t\t<\/li>\n\t\t\t\t\t\t\t<\/ul>\n\t\t<\/div>\n\t\t\t\t<\/div>\n\t\t\t\t<\/div>\n\t\t\t\t<div class=\"elementor-element elementor-element-9761e7b elementor-widget__width-initial de_scroll_animation_no elementor-widget elementor-widget-eael-feature-list\" data-id=\"9761e7b\" data-element_type=\"widget\" data-widget_type=\"eael-feature-list.default\">\n\t\t\t\t<div class=\"elementor-widget-container\">\n\t\t\t\t\t<div class=\"-icon-position-left -tablet-icon-position-left -mobile-icon-position-left\">\n\t\t\t<ul id=\"eael-feature-list-9761e7b\" class=\"eael-feature-list-items circle stacked \">\n\t\t\t                <li class=\"eael-feature-list-item elementor-repeater-item-62bd567\">\n                    \n\t\t\t\t\t\t<div class=\"eael-feature-list-icon-box\">\n\t\t\t\t\t\t\t<div class=\"eael-feature-list-icon-inner\">\n\n\t\t\t\t\t\t\t\t<span class=\"eael-feature-list-icon fl-icon-0\">\n\n\t\t<svg aria-hidden=\"true\" class=\"e-font-icon-svg e-fas-phone-alt\" viewBox=\"0 0 512 512\" xmlns=\"http:\/\/www.w3.org\/2000\/svg\"><path d=\"M497.39 361.8l-112-48a24 24 0 0 0-28 6.9l-49.6 60.6A370.66 370.66 0 0 1 130.6 204.11l60.6-49.6a23.94 23.94 0 0 0 6.9-28l-48-112A24.16 24.16 0 0 0 122.6.61l-104 24A24 24 0 0 0 0 48c0 256.5 207.9 464 464 464a24 24 0 0 0 23.4-18.6l24-104a24.29 24.29 0 0 0-14.01-27.6z\"><\/path><\/svg>\t\t\t\t\t\t\t\t<\/span>\n\t\t\t\t\t\t\t<\/div>\n\t\t\t\t\t\t<\/div>\n\t\t\t\t\t\t<div class=\"eael-feature-list-content-box\">\n\t\t\t\t\t\t\t<h3 class=\"eael-feature-list-title\"\t\t\t\t\t\t\t>Tel\u00e9fonos<\/h3\t\t\t\t\t\t>\n\t\t\t\t\t\t<p class=\"eael-feature-list-content\">PBX: (601) 7452621<br>\nCelular: 3115564637\n<\/p>\n\t\t\t\t\t\t<\/div>\n\n\t\t\t\t\t<\/li>\n\t\t\t\t\t\t\t<\/ul>\n\t\t<\/div>\n\t\t\t\t<\/div>\n\t\t\t\t<\/div>\n\t\t\t\t\t<\/div>\n\t\t\t\t<\/div>\n\t\t\t\t<div class=\"elementor-element elementor-element-45c84506 de_scroll_animation_no elementor-widget elementor-widget-spacer\" data-id=\"45c84506\" data-element_type=\"widget\" data-widget_type=\"spacer.default\">\n\t\t\t\t<div class=\"elementor-widget-container\">\n\t\t\t\t\t<div class=\"elementor-spacer\">\n\t\t\t<div class=\"elementor-spacer-inner\"><\/div>\n\t\t<\/div>\n\t\t\t\t<\/div>\n\t\t\t\t<\/div>\n\t\t\t\t<div class=\"elementor-element elementor-element-2389961 de_scroll_animation_no elementor-widget elementor-widget-google_maps\" data-id=\"2389961\" data-element_type=\"widget\" data-widget_type=\"google_maps.default\">\n\t\t\t\t<div class=\"elementor-widget-container\">\n\t\t\t<style>\/*! elementor - v3.15.0 - 02-08-2023 *\/\n.elementor-widget-google_maps .elementor-widget-container{overflow:hidden}.elementor-widget-google_maps .elementor-custom-embed{line-height:0}.elementor-widget-google_maps iframe{height:300px}<\/style>\t\t<div class=\"elementor-custom-embed\">\n\t\t\t<iframe loading=\"lazy\"\n\t\t\t\t\tsrc=\"https:\/\/maps.google.com\/maps?q=Fotometal%20Impresores&#038;t=m&#038;z=10&#038;output=embed&#038;iwloc=near\"\n\t\t\t\t\ttitle=\"Fotometal Impresores\"\n\t\t\t\t\taria-label=\"Fotometal Impresores\"\n\t\t\t><\/iframe>\n\t\t<\/div>\n\t\t\t\t<\/div>\n\t\t\t\t<\/div>\n\t\t\t\t\t<\/div>\n\t\t<\/div>\n\t\t\t\t<div class=\"has_ae_slider elementor-column elementor-col-33 elementor-top-column elementor-element elementor-element-4bf3c426 ae-bg-gallery-type-default\" data-id=\"4bf3c426\" data-element_type=\"column\">\n\t\t\t<div class=\"elementor-widget-wrap\">\n\t\t\t\t\t\t\t\t\t<\/div>\n\t\t<\/div>\n\t\t\t\t<div class=\"has_ae_slider elementor-column elementor-col-33 elementor-top-column elementor-element elementor-element-2db70011 ae-bg-gallery-type-default\" data-id=\"2db70011\" data-element_type=\"column\">\n\t\t\t<div class=\"elementor-widget-wrap elementor-element-populated\">\n\t\t\t\t\t\t\t\t<div class=\"elementor-element elementor-element-b87a75b de_scroll_animation_no elementor-widget elementor-widget-ucaddon_contact_form_7\" data-id=\"b87a75b\" data-element_type=\"widget\" data-widget_type=\"ucaddon_contact_form_7.default\">\n\t\t\t\t<div class=\"elementor-widget-container\">\n\t\t\t<!-- start Contact Form 7 -->\n\t\t\t<style type=\"text\/css\">\/* widget: Contact Form 7 *\/\n\n#uc_contact_form_7_elementor_b87a75b {\n  display: flex;  \n  flex-direction: column;\n}\n#uc_contact_form_7_elementor_b87a75b .wpcf7-list-item {\n    margin: 0 0 0 8px;\n}\n\n#uc_contact_form_7_elementor_b87a75b .wpcf7-form p:has(.wpcf7-submit){\n  display:flex;\n  flex-wrap: wrap;\n}\n\n#uc_contact_form_7_elementor_b87a75b .ue_contact_form_7 label{\n  display: block;\n}\n\n#uc_contact_form_7_elementor_b87a75b .wpcf7-checkbox, #uc_contact_form_7_elementor_b87a75b .wpcf7-radio{\n  display:flex;\n  flex-wrap: wrap;\n}\n\n#uc_contact_form_7_elementor_b87a75b .wpcf7-form-control-wrap{\n  display:flex;\n  width:100%;\n  flex-wrap: wrap;\n}\n\n\n\n\n.ue_contact_form_7 p > label{\n  line-height: inherit;\n}\n\n<\/style>\n\n\t\t\t<div id=\"uc_contact_form_7_elementor_b87a75b\" class=\"ue_contact_form_7\">\n  <div class=\"ue_form_wrapper\">\n            \n    \n<div class=\"wpcf7 no-js\" id=\"wpcf7-f123-o1\" lang=\"en-US\" dir=\"ltr\">\n<div class=\"screen-reader-response\"><p role=\"status\" aria-live=\"polite\" aria-atomic=\"true\"><\/p> <ul><\/ul><\/div>\n<form action=\"\/index.php\/wp-json\/wp\/v2\/pages\/177#wpcf7-f123-o1\" method=\"post\" class=\"wpcf7-form init\" aria-label=\"Contact form\" novalidate=\"novalidate\" data-status=\"init\">\n<div style=\"display: none;\">\n<input type=\"hidden\" name=\"_wpcf7\" value=\"123\" \/>\n<input type=\"hidden\" name=\"_wpcf7_version\" value=\"5.8\" \/>\n<input type=\"hidden\" name=\"_wpcf7_locale\" value=\"en_US\" \/>\n<input type=\"hidden\" name=\"_wpcf7_unit_tag\" value=\"wpcf7-f123-o1\" \/>\n<input type=\"hidden\" name=\"_wpcf7_container_post\" value=\"0\" \/>\n<input type=\"hidden\" name=\"_wpcf7_posted_data_hash\" value=\"\" \/>\n<\/div>\n<p><label> Nombre<br \/>\n<span class=\"wpcf7-form-control-wrap\" data-name=\"your-name\"><input size=\"40\" class=\"wpcf7-form-control wpcf7-text wpcf7-validates-as-required\" autocomplete=\"name\" aria-required=\"true\" aria-invalid=\"false\" placeholder=\"Tu nombre\" value=\"\" type=\"text\" name=\"your-name\" \/><\/span> <\/label>\n<\/p>\n<p><label> Correo<br \/>\n<span class=\"wpcf7-form-control-wrap\" data-name=\"your-email\"><input size=\"40\" class=\"wpcf7-form-control wpcf7-email wpcf7-validates-as-required wpcf7-text wpcf7-validates-as-email\" autocomplete=\"email\" aria-required=\"true\" aria-invalid=\"false\" placeholder=\"Correo electr\u00f3nico\" value=\"\" type=\"email\" name=\"your-email\" \/><\/span> <\/label>\n<\/p>\n<p><label> Asunto<br \/>\n<span class=\"wpcf7-form-control-wrap\" data-name=\"your-subject\"><input size=\"40\" class=\"wpcf7-form-control wpcf7-text wpcf7-validates-as-required\" aria-required=\"true\" aria-invalid=\"false\" placeholder=\"Asunto\" value=\"\" type=\"text\" name=\"your-subject\" \/><\/span> <\/label>\n<\/p>\n<p><label> Cu\u00e9ntanos, \u00bfen qu\u00e9 podemos ayudarte?<br \/>\n<span class=\"wpcf7-form-control-wrap\" data-name=\"your-message\"><textarea cols=\"40\" rows=\"10\" class=\"wpcf7-form-control wpcf7-textarea\" aria-invalid=\"false\" placeholder=\"Escribe aqu\u00ed\" name=\"your-message\"><\/textarea><\/span> <\/label>\n<\/p>\n<p><input class=\"wpcf7-form-control wpcf7-submit has-spinner\" type=\"submit\" value=\"Enviar\" \/>\n<\/p><div class=\"wpcf7-response-output\" aria-hidden=\"true\"><\/div>\n<\/form>\n<\/div>\n    \n  <\/div>\n<\/div>\n\t\t\t<!-- end Contact Form 7 -->\t\t<\/div>\n\t\t\t\t<\/div>\n\t\t\t\t\t<\/div>\n\t\t<\/div>\n\t\t\t\t\t\t\t<\/div>\n\t\t<\/section>\n\t\t\t\t\t\t\t<\/div>\n\t\t","protected":false},"excerpt":{"rendered":"<p>Tus proyectos en las mejores manos Te ayudamos a alcanzar tus objetivos No dudes en contactarnos Direcci\u00f3n Calle 24A # 26-38 Barrio Panamericano Bogot\u00e1 D.C. Tel\u00e9fonos PBX: (601) 7452621 Celular: 3115564637 Nombre Correo Asunto Cu\u00e9ntanos, \u00bfen qu\u00e9 podemos ayudarte?<\/p>\n","protected":false},"author":1,"featured_media":0,"parent":0,"menu_order":2,"comment_status":"closed","ping_status":"closed","template":"","meta":{"inline_featured_image":false,"footnotes":""},"yoast_head":"<!-- This site is optimized with the Yoast SEO Premium plugin v20.11 (Yoast SEO v20.9) - https:\/\/yoast.com\/wordpress\/plugins\/seo\/ -->\n<title>Contacto - Fotometal<\/title>\n<meta name=\"robots\" content=\"index, follow, max-snippet:-1, max-image-preview:large, max-video-preview:-1\" \/>\n<link rel=\"canonical\" href=\"https:\/\/proyectos.axialgroup.co\/index.php\/contacto\/\" \/>\n<meta property=\"og:locale\" content=\"es_ES\" \/>\n<meta property=\"og:type\" content=\"article\" \/>\n<meta property=\"og:title\" content=\"Contacto\" \/>\n<meta property=\"og:description\" content=\"Tus proyectos en las mejores manos Te ayudamos a alcanzar tus objetivos No dudes en contactarnos Direcci\u00f3n Calle 24A # 26-38 Barrio Panamericano Bogot\u00e1 D.C. Tel\u00e9fonos PBX: (601) 7452621 Celular: 3115564637 Nombre Correo Asunto Cu\u00e9ntanos, \u00bfen qu\u00e9 podemos ayudarte?\" \/>\n<meta property=\"og:url\" content=\"https:\/\/proyectos.axialgroup.co\/index.php\/contacto\/\" \/>\n<meta property=\"og:site_name\" content=\"Fotometal\" \/>\n<meta property=\"article:modified_time\" content=\"2023-08-20T21:54:28+00:00\" \/>\n<meta name=\"twitter:card\" content=\"summary_large_image\" \/>\n<meta name=\"twitter:label1\" content=\"Tiempo estimado de lectura\" \/>\n\t<meta name=\"twitter:data1\" content=\"1 minuto\" \/>\n<script type=\"application\/ld+json\" class=\"yoast-schema-graph\">{\"@context\":\"https:\/\/schema.org\",\"@graph\":[{\"@type\":\"WebPage\",\"@id\":\"https:\/\/proyectos.axialgroup.co\/index.php\/contacto\/\",\"url\":\"https:\/\/proyectos.axialgroup.co\/index.php\/contacto\/\",\"name\":\"Contacto - Fotometal\",\"isPartOf\":{\"@id\":\"https:\/\/proyectos.axialgroup.co\/#website\"},\"datePublished\":\"2023-08-11T03:33:29+00:00\",\"dateModified\":\"2023-08-20T21:54:28+00:00\",\"breadcrumb\":{\"@id\":\"https:\/\/proyectos.axialgroup.co\/index.php\/contacto\/#breadcrumb\"},\"inLanguage\":\"es-CO\",\"potentialAction\":[{\"@type\":\"ReadAction\",\"target\":[\"https:\/\/proyectos.axialgroup.co\/index.php\/contacto\/\"]}]},{\"@type\":\"BreadcrumbList\",\"@id\":\"https:\/\/proyectos.axialgroup.co\/index.php\/contacto\/#breadcrumb\",\"itemListElement\":[{\"@type\":\"ListItem\",\"position\":1,\"name\":\"Inicio\",\"item\":\"https:\/\/proyectos.axialgroup.co\/\"},{\"@type\":\"ListItem\",\"position\":2,\"name\":\"Contacto\"}]},{\"@type\":\"WebSite\",\"@id\":\"https:\/\/proyectos.axialgroup.co\/#website\",\"url\":\"https:\/\/proyectos.axialgroup.co\/\",\"name\":\"Fotometal Impresores\",\"description\":\"\",\"publisher\":{\"@id\":\"https:\/\/proyectos.axialgroup.co\/#organization\"},\"potentialAction\":[{\"@type\":\"SearchAction\",\"target\":{\"@type\":\"EntryPoint\",\"urlTemplate\":\"https:\/\/proyectos.axialgroup.co\/?s={search_term_string}\"},\"query-input\":\"required name=search_term_string\"}],\"inLanguage\":\"es-CO\"},{\"@type\":\"Organization\",\"@id\":\"https:\/\/proyectos.axialgroup.co\/#organization\",\"name\":\"Fotometal Impresores\",\"url\":\"https:\/\/proyectos.axialgroup.co\/\",\"logo\":{\"@type\":\"ImageObject\",\"inLanguage\":\"es-CO\",\"@id\":\"https:\/\/proyectos.axialgroup.co\/#\/schema\/logo\/image\/\",\"url\":\"https:\/\/proyectos.axialgroup.co\/wp-content\/uploads\/2023\/08\/Recurso-1logo-fotometal.svg\",\"contentUrl\":\"https:\/\/proyectos.axialgroup.co\/wp-content\/uploads\/2023\/08\/Recurso-1logo-fotometal.svg\",\"width\":325,\"height\":182,\"caption\":\"Fotometal Impresores\"},\"image\":{\"@id\":\"https:\/\/proyectos.axialgroup.co\/#\/schema\/logo\/image\/\"}}]}<\/script>\n<!-- \/ Yoast SEO Premium plugin. -->","yoast_head_json":{"title":"Contacto - Fotometal","robots":{"index":"index","follow":"follow","max-snippet":"max-snippet:-1","max-image-preview":"max-image-preview:large","max-video-preview":"max-video-preview:-1"},"canonical":"https:\/\/proyectos.axialgroup.co\/index.php\/contacto\/","og_locale":"es_ES","og_type":"article","og_title":"Contacto","og_description":"Tus proyectos en las mejores manos Te ayudamos a alcanzar tus objetivos No dudes en contactarnos Direcci\u00f3n Calle 24A # 26-38 Barrio Panamericano Bogot\u00e1 D.C. Tel\u00e9fonos PBX: (601) 7452621 Celular: 3115564637 Nombre Correo Asunto Cu\u00e9ntanos, \u00bfen qu\u00e9 podemos ayudarte?","og_url":"https:\/\/proyectos.axialgroup.co\/index.php\/contacto\/","og_site_name":"Fotometal","article_modified_time":"2023-08-20T21:54:28+00:00","twitter_card":"summary_large_image","twitter_misc":{"Tiempo estimado de lectura":"1 minuto"},"schema":{"@context":"https:\/\/schema.org","@graph":[{"@type":"WebPage","@id":"https:\/\/proyectos.axialgroup.co\/index.php\/contacto\/","url":"https:\/\/proyectos.axialgroup.co\/index.php\/contacto\/","name":"Contacto - Fotometal","isPartOf":{"@id":"https:\/\/proyectos.axialgroup.co\/#website"},"datePublished":"2023-08-11T03:33:29+00:00","dateModified":"2023-08-20T21:54:28+00:00","breadcrumb":{"@id":"https:\/\/proyectos.axialgroup.co\/index.php\/contacto\/#breadcrumb"},"inLanguage":"es-CO","potentialAction":[{"@type":"ReadAction","target":["https:\/\/proyectos.axialgroup.co\/index.php\/contacto\/"]}]},{"@type":"BreadcrumbList","@id":"https:\/\/proyectos.axialgroup.co\/index.php\/contacto\/#breadcrumb","itemListElement":[{"@type":"ListItem","position":1,"name":"Inicio","item":"https:\/\/proyectos.axialgroup.co\/"},{"@type":"ListItem","position":2,"name":"Contacto"}]},{"@type":"WebSite","@id":"https:\/\/proyectos.axialgroup.co\/#website","url":"https:\/\/proyectos.axialgroup.co\/","name":"Fotometal Impresores","description":"","publisher":{"@id":"https:\/\/proyectos.axialgroup.co\/#organization"},"potentialAction":[{"@type":"SearchAction","target":{"@type":"EntryPoint","urlTemplate":"https:\/\/proyectos.axialgroup.co\/?s={search_term_string}"},"query-input":"required name=search_term_string"}],"inLanguage":"es-CO"},{"@type":"Organization","@id":"https:\/\/proyectos.axialgroup.co\/#organization","name":"Fotometal Impresores","url":"https:\/\/proyectos.axialgroup.co\/","logo":{"@type":"ImageObject","inLanguage":"es-CO","@id":"https:\/\/proyectos.axialgroup.co\/#\/schema\/logo\/image\/","url":"https:\/\/proyectos.axialgroup.co\/wp-content\/uploads\/2023\/08\/Recurso-1logo-fotometal.svg","contentUrl":"https:\/\/proyectos.axialgroup.co\/wp-content\/uploads\/2023\/08\/Recurso-1logo-fotometal.svg","width":325,"height":182,"caption":"Fotometal Impresores"},"image":{"@id":"https:\/\/proyectos.axialgroup.co\/#\/schema\/logo\/image\/"}}]}},"_links":{"self":[{"href":"https:\/\/proyectos.axialgroup.co\/index.php\/wp-json\/wp\/v2\/pages\/177"}],"collection":[{"href":"https:\/\/proyectos.axialgroup.co\/index.php\/wp-json\/wp\/v2\/pages"}],"about":[{"href":"https:\/\/proyectos.axialgroup.co\/index.php\/wp-json\/wp\/v2\/types\/page"}],"author":[{"embeddable":true,"href":"https:\/\/proyectos.axialgroup.co\/index.php\/wp-json\/wp\/v2\/users\/1"}],"replies":[{"embeddable":true,"href":"https:\/\/proyectos.axialgroup.co\/index.php\/wp-json\/wp\/v2\/comments?post=177"}],"version-history":[{"count":259,"href":"https:\/\/proyectos.axialgroup.co\/index.php\/wp-json\/wp\/v2\/pages\/177\/revisions"}],"predecessor-version":[{"id":1770,"href":"https:\/\/proyectos.axialgroup.co\/index.php\/wp-json\/wp\/v2\/pages\/177\/revisions\/1770"}],"wp:attachment":[{"href":"https:\/\/proyectos.axialgroup.co\/index.php\/wp-json\/wp\/v2\/media?parent=177"}],"curies":[{"name":"wp","href":"https:\/\/api.w.org\/{rel}","templated":true}]}}